{"id":1180,"date":"2020-02-22T00:18:36","date_gmt":"2020-02-22T00:18:36","guid":{"rendered":"https:\/\/tovestraditionalfood.com\/?page_id=1180"},"modified":"2020-05-22T13:46:31","modified_gmt":"2020-05-22T13:46:31","slug":"farm","status":"publish","type":"page","link":"https:\/\/tovestraditionalfood.com\/no\/farm\/","title":{"rendered":"G\u00e5rden"},"content":{"rendered":"<div class=\"wpb-content-wrapper\"><div class=\"noo-container-fluid\"><div class=\"vc_row wpb_row vc_row-fluid\"><div class=\"wpb_column vc_column_container vc_col-sm-12 vc_col-lg-offset-0 vc_col-md-offset-0 vc_col-xs-offset-1 vc_col-xs-4\/5\"><div class=\"vc_column-inner\"><div class=\"wpb_wrapper\"><div class=\"vc_row wpb_row vc_inner vc_row-fluid\"><div class=\"wpb_column vc_column_container vc_col-sm-12\"><div class=\"vc_column-inner\"><div class=\"wpb_wrapper\">\n\t<div class=\"wpb_text_column wpb_content_element vc_custom_1588074113220\" >\n\t\t<div class=\"wpb_wrapper\">\n\t\t\t<p style=\"text-align: center;\">Tove's Tradisjonsmat startet i 1994 da jeg bestemte meg for \u00e5 reise tilbake til mitt barndoms hjem.<\/p>\n<p style=\"text-align: center;\">Jeg forvandlet et nedlagt g\u00e5rdsbruk til et sted for mat- og planteproduksjon slik jeg husker det fra min barndom.<\/p>\n<p style=\"text-align: center;\">Og n\u00e5 fokuserer jeg p\u00e5 \u00e5 tilby norsk tradisjonsmat i min kaf\u00e8 og g\u00e5rdsbutikk.<\/p>\n\n\t\t<\/div>\n\t<\/div>\n<\/div><\/div><\/div><\/div><div class=\"vc_row wpb_row vc_inner vc_row-fluid\"><div class=\"wpb_column vc_column_container vc_col-sm-12\"><div class=\"vc_column-inner\"><div class=\"wpb_wrapper\">                <div class=\"noo-row noo-our_story\">\n                    <div class=\"noo-md-6 noo-sm-6\">\n                        <h2>Oppvekst<\/h2>\n                        <div class=\"our_story_content\">\n                            <p>Det \u00e5 vokse opp p\u00e5 en g\u00e5rden i en s\u00f8skenflokk p\u00e5 6 med forskjellige dyr, gr\u00f8nnsaker og daglige gj\u00f8rem\u00e5l har for meg v\u00e6rt en velsignelse i livet.<\/p>\n<p>Jeg hadde mitt f\u00f8rste leve\u00e5r i gammelstua, opprinnelig bygd hundre \u00e5r tidligere og som var veldig kaldt og trekkfullt.<\/p>\n<p>P\u00e5 50-tallet hadde vi hverken str\u00f8m eller innlagt vann i huset, men vi hadde en br\u00f8nn i kjelleren der vi pumpet opp vann etter behov. Og vi hadde utedo ved fj\u00f8set.<\/p>\n<p>1960 ble det siste \u00e5ret vi bodde i det gamle huset og det ble bygd et nytt hus p\u00e5 eiendommen. En god del av trevirke fra gammelstua ble brukt i det nye huset.<\/p>\n<p>Den f\u00f8rste vinteren i nyhuset hadde vi ikke innlagt vann, s\u00e5 mamma tinte sne hver dag slik at vi hadde vann b\u00e5de til mat og klesvask.<\/p>\n<p>Med nytt hus kom ogs\u00e5 st\u00f8rre utgifter som skulle betales s\u00e5 min far reiste p\u00e5 fiske for \u00e5 tjene penger.<\/p>\n<p>P\u00e5 g\u00e5rden hadde vi kun inntekt fra dyr som ble slaktet, egg, b\u00e6r og gr\u00f8nnsaker\/poteter.<\/p>\n<p>Siden min far var mye borte p\u00e5 fiske, var det min mor som styrte hjemme og hadde ansvaret for b\u00e5de barn, dyr og g\u00e5rdsdrift. Med s\u00e5 mye tungt arbeid var det naturlig at vi s\u00f8sken hjalp til der vi kunne.<\/p>\n                        <\/div>\n                                                                    <\/div>\n                    <div class=\"noo-md-6 noo-sm-6\">\n                        <ul id=\"elasticstack-69ea54a886655\" class=\"elasticstack\">\n                            <li><div class=\"image-elastickstack\" style=\"background-image: url(https:\/\/tovestraditionalfood.com\/wp-content\/uploads\/2020\/04\/Farm-Photo-Resized.jpg)\"><\/div><\/li>                        <\/ul>\n\n                    <\/div>\n                <\/div>\n            <script>\n                jQuery(document).ready(function(){\n                    new ElastiStack( document.getElementById( 'elasticstack-69ea54a886655' ) );\n                })\n            <\/script>\n                            <div class=\"noo-row noo-our_story\">\n                    <div class=\"noo-md-6 noo-sm-6\">\n                        <h2>Salg Av Varer<\/h2>\n                        <div class=\"our_story_content\">\n                            <p>\u00c5 f\u00e5 b\u00e5de melk og gr\u00f8nnsaker til byen var ikke helt enkelt p\u00e5 den tiden.<\/p>\n<p>Melkespannene ( 20-liters jernspann) var veldig tunge \u00e5 hanskes med og fulle av melk ble det et slit. Etter melking ble spannene satt til avkj\u00f8ling i elva p\u00e5 sommertid og ute i sneen p\u00e5 vinterstid. S\u00e5 skulle de kj\u00f8res opp til veien i en liten vogn om sommeren og p\u00e5 slede om vinteren og plassert p\u00e5 en melkerampe ved veien for s\u00e5 \u00e5 bli hentet av en melkebil (\u00e5pen lastebil) som kom 2-3 ganger pr uke.<\/p>\n<p>Vi kunne ogs\u00e5 reise med melkebilen og ha med potet og gr\u00f8nnsaker i sekker om h\u00f8sten. Melkebilen kj\u00f8rte til kaia (3 km) til melkeb\u00e5ten (Slettind) som fraktet b\u00e5de melk, gr\u00f8nnsaker, folk og av og til dyr til byen. Det var ofte s\u00e5 mye folk som reiste at noen m\u00e5tte v\u00e6re oppe p\u00e5 \u00e5pent dekk p\u00e5 overfarten til byen.<\/p>\n                        <\/div>\n                                                                    <\/div>\n                    <div class=\"noo-md-6 noo-sm-6\">\n                        <ul id=\"elasticstack-69ea54a88abee\" class=\"elasticstack\">\n                            <li><div class=\"image-elastickstack\" style=\"background-image: url(https:\/\/tovestraditionalfood.com\/wp-content\/uploads\/2020\/04\/Picking-Potatoes.jpg)\"><\/div><\/li>                        <\/ul>\n\n                    <\/div>\n                <\/div>\n            <script>\n                jQuery(document).ready(function(){\n                    new ElastiStack( document.getElementById( 'elasticstack-69ea54a88abee' ) );\n                })\n            <\/script>\n                            <div class=\"noo-row noo-our_story\">\n                    <div class=\"noo-md-6 noo-sm-6\">\n                        <h2>Plikter Og Lek<\/h2>\n                        <div class=\"our_story_content\">\n                            <p>Med s\u00e5 mange s\u00f8sken som vi var ble det naturlig for mamma \u00e5 sy om kl\u00e6r etter de st\u00f8rre s\u00f8sken etter som vi vokste til.<\/p>\n<p>Jeg husker vi hadde mange plikter vi m\u00e5tte hjelpe til med. Naturlig nok var det mest ute \u00e5 gj\u00f8re om v\u00e5r\/sommer og h\u00f8st. Det ble mye steinplukking p\u00e5 potet- og gr\u00f8nnsaklandet om v\u00e5ren, og vi m\u00e5tte hjelpe til med sl\u00e5ttonna, plukke b\u00e6r og potet, v\u00e6re med p\u00e5 innh\u00f8stinga av gr\u00f8nnsaker. Og om h\u00f8sten m\u00e5tte vi v\u00e6re med n\u00e5r dyr skulle slaktes.<\/p>\n<p>V\u00e5r lekeplass var i fj\u00e6ra, i skogen og ellers rundt p\u00e5 g\u00e5rden. Vi plukket skjell i fj\u00e6ra og laget \u00abbondeg\u00e5rd\u00bb da de forskjellige skjellene har navn etter husdyr.<\/p>\n<p>V\u00e5ren var en spennende lekeplass i fj\u00e6ra der vi kunne g\u00e5 lange strekninger og lete \u00abting\u00bb som sj\u00f8en hadde skylt p\u00e5 land i l\u00f8pet av vinteren.<\/p>\n<p>Det er ogs\u00e5 en naturlig forekomst av leire i fj\u00e6ra s\u00e5 vi lagde forskjellige figurer og ting av leire som vi t\u00f8rket i sola p\u00e5 bergene der.<\/p>\n                        <\/div>\n                                                                    <\/div>\n                    <div class=\"noo-md-6 noo-sm-6\">\n                        <ul id=\"elasticstack-69ea54a88b348\" class=\"elasticstack\">\n                            <li><div class=\"image-elastickstack\" style=\"background-image: url(https:\/\/tovestraditionalfood.com\/wp-content\/uploads\/2020\/03\/IMG_20200303_153941_2.jpg)\"><\/div><\/li>                        <\/ul>\n\n                    <\/div>\n                <\/div>\n            <script>\n                jQuery(document).ready(function(){\n                    new ElastiStack( document.getElementById( 'elasticstack-69ea54a88b348' ) );\n                })\n            <\/script>\n                            <div class=\"noo-row noo-our_story\">\n                    <div class=\"noo-md-6 noo-sm-6\">\n                        <h2>Yrkesvalg<\/h2>\n                        <div class=\"our_story_content\">\n                            <p>Jeg vokste opp med en mor som var meget dyktig til \u00e5 lage mat som var laget fra bunnen av, skikkelig husmannskost. Og hun visste meget godt \u00e5 gj\u00f8re bruk av alt p\u00e5 dyrene, det v\u00e6re seg b\u00e5de innmat og blod, hvordan konservere b\u00e5de fisk, kj\u00f8tt, b\u00e6r og gr\u00f8nnsaker.<\/p>\n<p>Dette ble en verdifull l\u00e6rdom for meg og da jeg i mine yngre \u00e5r skulle ta et yrkesvalg og da var det naturlig for meg \u00e5 velge kokkeyrket. Og det var ogs\u00e5 da, mens jeg gikk p\u00e5 kokkeskolen, at jeg begynte \u00e5 bake lefser for salg for \u00e5 tjene noen ekstra kroner.<\/p>\n                        <\/div>\n                                                                    <\/div>\n                    <div class=\"noo-md-6 noo-sm-6\">\n                        <ul id=\"elasticstack-69ea54a88bdc4\" class=\"elasticstack\">\n                            <li><div class=\"image-elastickstack\" style=\"background-image: url(https:\/\/tovestraditionalfood.com\/wp-content\/uploads\/2020\/03\/Picture15.jpg)\"><\/div><\/li>                        <\/ul>\n\n                    <\/div>\n                <\/div>\n            <script>\n                jQuery(document).ready(function(){\n                    new ElastiStack( document.getElementById( 'elasticstack-69ea54a88bdc4' ) );\n                })\n            <\/script>\n                            <div class=\"noo-row noo-our_story\">\n                    <div class=\"noo-md-6 noo-sm-6\">\n                        <h2>\u00c5 Komme Hjem Igjen<\/h2>\n                        <div class=\"our_story_content\">\n                            <p>Jeg kom hjem i 1994 og tok over g\u00e5rden etter min fars d\u00f8d \u00e5ret f\u00f8r med et inderlig \u00f8nske om \u00e5 klare \u00e5 livn\u00e6re meg p\u00e5 det jeg kunne drive med p\u00e5 g\u00e5rden.<\/p>\n<p>Jeg kj\u00f8pte inn 7 sauer, plantet ut et m\u00e5l jordb\u00e6r og s\u00e5dde noen blomster- og gr\u00f8nnsakfr\u00f8 for \u00e5 kunne selge videre.<\/p>\n<p>Og p\u00e5 den tiden bakte jeg ogs\u00e5 lefser i liten skala p\u00e5 mitt private kj\u00f8kken.<\/p>\n<p>Jeg hadde aldri hatt egne dyr eller drevet g\u00e5rd f\u00f8r, men jeg husker hva mamma gjorde og hadde gode naboer \u00e5 sp\u00f8rre om jeg trengte gode r\u00e5d eller l\u00e5ne traktor.<\/p>\n<p>Jeg hadde heller aldri dyrket blomster eller gr\u00f8nnsaker f\u00f8r, men jeg hadde en skolekamerat som var utdannet agronom og drev eget gartneri. Han kunne jeg sp\u00f8rre til r\u00e5ds n\u00e5r det dukket opp utfordringer underveis i planteverdenen og det gjorde det s\u00e5 absolutt.<\/p>\n<p>Satte opp et hel\u00e5rs drivhus i 1998 etter 5 \u00e5rs produksjon av blomster i to mindre hjemmesnekra plasthus. Det ble og kj\u00f8pt inn ei brukt brakke p\u00e5 15m<sup>2<\/sup> samme \u00e5ret som fungerte som bakstebu til jeg i 2016 endelig torde \u00e5 gj\u00f8re st\u00f8rre investeringer.<\/p>\n                        <\/div>\n                                                                    <\/div>\n                    <div class=\"noo-md-6 noo-sm-6\">\n                        <ul id=\"elasticstack-69ea54a88c375\" class=\"elasticstack\">\n                            <li><div class=\"image-elastickstack\" style=\"background-image: url(https:\/\/tovestraditionalfood.com\/wp-content\/uploads\/2020\/04\/Picture2.jpg)\"><\/div><\/li>                        <\/ul>\n\n                    <\/div>\n                <\/div>\n            <script>\n                jQuery(document).ready(function(){\n                    new ElastiStack( document.getElementById( 'elasticstack-69ea54a88c375' ) );\n                })\n            <\/script>\n                            <div class=\"noo-row noo-our_story\">\n                    <div class=\"noo-md-6 noo-sm-6\">\n                        <h2>Seljevold I Dag<\/h2>\n                        <div class=\"our_story_content\">\n                            <p>Da matproduksjon viste seg \u00e5 bli den mest l\u00f8nnsomme inntekten fra g\u00e5rden, ble det bygd et 100m<sup>2<\/sup> stort produksjonslokale som sto ferdig h\u00f8sten 2017. Der har jeg eget bakerom, et herlig lettvint kj\u00f8kken og g\u00e5rdsbutikk som ogs\u00e5 fungerer som mini-kaf\u00e8.<\/p>\n<p>Satte ogs\u00e5 opp en lavvo h\u00f8sten 2019.<\/p>\n<p>G\u00e5rden fremst\u00e5r i dag som et kombinasjonsbruk med b\u00e5de mat- og planteproduksjon.<\/p>\n<p>P\u00e5 den gr\u00f8nne linje produseres det sommerblomster og urteplanter av ypperste kvalitet for salg i sesong (juni). Ellers produseres det b\u00e5de urter, b\u00e6r og gr\u00f8nnsaker til videreforedling.<\/p>\n<p>P\u00e5 kj\u00f8kkenet produseres det en del tradisjonsbakst i form av flere typer lefser og br\u00f8d, men ogs\u00e5 andre produkter laget p\u00e5 gode gamle \u00e6rverdige familieoppskrifter som tas i bruk igjen.<\/p>\n<p>Jeg satser p\u00e5 ekte math\u00e5ndverk der jeg bruker en del egenproduserte r\u00e5varer og andre lokalmatprodusenters matvarer og en god del ville vekster i sesong.<\/p>\n<p>Det kj\u00f8res ogs\u00e5 en del kursvirksomhet p\u00e5 g\u00e5rden innen bakst og matnyttige planter.<\/p>\n<p>G\u00e5rdsbutikken er ogs\u00e5 kaf\u00e8 med to bord, med uteplatt utenfor som p\u00e5 sommerhalv\u00e5ret blir ute-kaf\u00e8. I lavvoen er det sitteplass for ca.30 personer og det er stemningsfullt \u00e5 sitte rundt b\u00e5let.<\/p>\n<p>Har sm\u00e5tt begynt med servering til sm\u00e5 selskaper og litt catering innimellom. Vinteren 2019-20 startet jeg ogs\u00e5 opp som base-camp for nordlysturister.<\/p>\n<p>G\u00e5rden har alle rettigheter og satser p\u00e5 b\u00e5de lokal mat og drikke.<\/p>\n<p>Deltar i tillegg s\u00e5 ofte jeg kan p\u00e5 Bondens Marked i Troms\u00f8 og p\u00e5 Reko-ringen Troms\u00f8 slik at flest mulig kan sikre seg matskatter fra mitt magiske kj\u00f8kken. M\u00e5let mitt er \u00e5 dele norsk mat og hagebrukstradisjoner, uansett hvem som g\u00e5r gjennom d\u00f8rene mine.<\/p>\n                        <\/div>\n                                                                    <\/div>\n                    <div class=\"noo-md-6 noo-sm-6\">\n                        <ul id=\"elasticstack-69ea54a88dd73\" class=\"elasticstack\">\n                            <li><div class=\"image-elastickstack\" style=\"background-image: url(https:\/\/tovestraditionalfood.com\/wp-content\/uploads\/2020\/04\/83597239_2805134796191543_8601633150906400768_o-1.jpg)\"><\/div><\/li>                        <\/ul>\n\n                    <\/div>\n                <\/div>\n            <script>\n                jQuery(document).ready(function(){\n                    new ElastiStack( document.getElementById( 'elasticstack-69ea54a88dd73' ) );\n                })\n            <\/script>\n            <\/div><\/div><\/div><\/div><\/div><\/div><\/div><\/div><\/div><div class=\"noo-container-fluid\"><div class=\"vc_row wpb_row vc_row-fluid vc_custom_1450077417017\"><div class=\"wpb_column vc_column_container vc_col-sm-12\"><div class=\"vc_column-inner\"><div class=\"wpb_wrapper\">\n\t<div class=\"wpb_raw_code wpb_raw_html wpb_content_element\" >\n\t\t<div class=\"wpb_wrapper\">\n\t\t\t<div class=\"noo-footer-shop-now\">\n                    <div class=\"noo-container\">\n                        <h4>SOMMERBLOMSTER OG URTER <strong>FOR SALG<\/strong><\/h4>\n                        <p>Jeg dyrker kraftige sommerblomster og gode urteplanter som er beregnet for nordnorske somre. Finn ut hva jeg har!<\/p>\n                        <a class=\"noo-show-now\" href=\"http:\/\/tovestraditionalfood.com\/no\/contact\/\"><em>sp\u00f8r n\u00e5<\/em><\/a>\n                    <\/div>\n                <\/div>\n\t\t<\/div>\n\t<\/div>\n<\/div><\/div><\/div><\/div><\/div>\n<\/div>","protected":false},"excerpt":{"rendered":"Tove\u2019s Tradisjonsmat started in 1994, when I decided to return to my family home. I turned the surrounding farmland into a place for food and plant production, just like I had remembered from my childhood. And now I focus on providing traditional Norwegian food in my caf\u00e9 and farm shop. Childhood Growing up on a farm in a group of...<div><a href=\"https:\/\/tovestraditionalfood.com\/no\/farm\/\" class=\"view-more\"><span>View more<\/span><\/a><\/div>","protected":false},"author":1,"featured_media":0,"parent":0,"menu_order":0,"comment_status":"closed","ping_status":"closed","template":"page-full-width.php","meta":{"_monsterinsights_skip_tracking":false,"_monsterinsights_sitenote_active":false,"_monsterinsights_sitenote_note":"","_monsterinsights_sitenote_category":0,"footnotes":""},"class_list":["post-1180","page","type-page","status-publish","hentry","no-featured"],"yoast_head":"<!-- This site is optimized with the Yoast SEO plugin v26.9 - https:\/\/yoast.com\/product\/yoast-seo-wordpress\/ -->\n<title>Tove&#039;s Traditional Food - The Farm<\/title>\n<meta name=\"description\" content=\"The farm now combines both food and plant production....\" \/>\n<meta name=\"robots\" content=\"index, follow, max-snippet:-1, max-image-preview:large, max-video-preview:-1\" \/>\n<link rel=\"canonical\" href=\"https:\/\/tovestraditionalfood.com\/no\/farm\/\" \/>\n<meta property=\"og:locale\" content=\"nb_NO\" \/>\n<meta property=\"og:type\" content=\"article\" \/>\n<meta property=\"og:title\" content=\"Tove&#039;s Traditional Food - The Farm\" \/>\n<meta property=\"og:description\" content=\"The farm now combines both food and plant production....\" \/>\n<meta property=\"og:url\" content=\"https:\/\/tovestraditionalfood.com\/no\/farm\/\" \/>\n<meta property=\"og:site_name\" content=\"Tove&#039;s Traditional Food\" \/>\n<meta property=\"article:publisher\" content=\"https:\/\/www.facebook.com\/tovesblomsterogurter\" \/>\n<meta property=\"article:modified_time\" content=\"2020-05-22T13:46:31+00:00\" \/>\n<meta name=\"twitter:card\" content=\"summary_large_image\" \/>\n<meta name=\"twitter:label1\" content=\"Ansl. lesetid\" \/>\n\t<meta name=\"twitter:data1\" content=\"7 minutter\" \/>\n<script type=\"application\/ld+json\" class=\"yoast-schema-graph\">{\"@context\":\"https:\/\/schema.org\",\"@graph\":[{\"@type\":\"WebPage\",\"@id\":\"https:\/\/tovestraditionalfood.com\/farm\/\",\"url\":\"https:\/\/tovestraditionalfood.com\/farm\/\",\"name\":\"Tove&#039;s Traditional Food - The Farm\",\"isPartOf\":{\"@id\":\"https:\/\/tovestraditionalfood.com\/#website\"},\"datePublished\":\"2020-02-22T00:18:36+00:00\",\"dateModified\":\"2020-05-22T13:46:31+00:00\",\"description\":\"The farm now combines both food and plant production....\",\"breadcrumb\":{\"@id\":\"https:\/\/tovestraditionalfood.com\/farm\/#breadcrumb\"},\"inLanguage\":\"nb-NO\",\"potentialAction\":[{\"@type\":\"ReadAction\",\"target\":[\"https:\/\/tovestraditionalfood.com\/farm\/\"]}]},{\"@type\":\"BreadcrumbList\",\"@id\":\"https:\/\/tovestraditionalfood.com\/farm\/#breadcrumb\",\"itemListElement\":[{\"@type\":\"ListItem\",\"position\":1,\"name\":\"Home\",\"item\":\"https:\/\/tovestraditionalfood.com\/\"},{\"@type\":\"ListItem\",\"position\":2,\"name\":\"The Farm\"}]},{\"@type\":\"WebSite\",\"@id\":\"https:\/\/tovestraditionalfood.com\/#website\",\"url\":\"https:\/\/tovestraditionalfood.com\/\",\"name\":\"Tove&#039;s Traditional Food\",\"description\":\"\",\"publisher\":{\"@id\":\"https:\/\/tovestraditionalfood.com\/#organization\"},\"potentialAction\":[{\"@type\":\"SearchAction\",\"target\":{\"@type\":\"EntryPoint\",\"urlTemplate\":\"https:\/\/tovestraditionalfood.com\/?s={search_term_string}\"},\"query-input\":{\"@type\":\"PropertyValueSpecification\",\"valueRequired\":true,\"valueName\":\"search_term_string\"}}],\"inLanguage\":\"nb-NO\"},{\"@type\":\"Organization\",\"@id\":\"https:\/\/tovestraditionalfood.com\/#organization\",\"name\":\"Tove's Tradisjonsmat\",\"url\":\"https:\/\/tovestraditionalfood.com\/\",\"logo\":{\"@type\":\"ImageObject\",\"inLanguage\":\"nb-NO\",\"@id\":\"https:\/\/tovestraditionalfood.com\/#\/schema\/logo\/image\/\",\"url\":\"https:\/\/tovestraditionalfood.com\/wp-content\/uploads\/2020\/02\/Logo-3.png\",\"contentUrl\":\"https:\/\/tovestraditionalfood.com\/wp-content\/uploads\/2020\/02\/Logo-3.png\",\"width\":283,\"height\":54,\"caption\":\"Tove's Tradisjonsmat\"},\"image\":{\"@id\":\"https:\/\/tovestraditionalfood.com\/#\/schema\/logo\/image\/\"},\"sameAs\":[\"https:\/\/www.facebook.com\/tovesblomsterogurter\",\"https:\/\/www.instagram.com\/toves_tradisjonsmat\/\"]}]}<\/script>\n<!-- \/ Yoast SEO plugin. -->","yoast_head_json":{"title":"Tove&#039;s Traditional Food - The Farm","description":"The farm now combines both food and plant production....","robots":{"index":"index","follow":"follow","max-snippet":"max-snippet:-1","max-image-preview":"max-image-preview:large","max-video-preview":"max-video-preview:-1"},"canonical":"https:\/\/tovestraditionalfood.com\/no\/farm\/","og_locale":"nb_NO","og_type":"article","og_title":"Tove&#039;s Traditional Food - The Farm","og_description":"The farm now combines both food and plant production....","og_url":"https:\/\/tovestraditionalfood.com\/no\/farm\/","og_site_name":"Tove&#039;s Traditional Food","article_publisher":"https:\/\/www.facebook.com\/tovesblomsterogurter","article_modified_time":"2020-05-22T13:46:31+00:00","twitter_card":"summary_large_image","twitter_misc":{"Ansl. lesetid":"7 minutter"},"schema":{"@context":"https:\/\/schema.org","@graph":[{"@type":"WebPage","@id":"https:\/\/tovestraditionalfood.com\/farm\/","url":"https:\/\/tovestraditionalfood.com\/farm\/","name":"Tove&#039;s Traditional Food - The Farm","isPartOf":{"@id":"https:\/\/tovestraditionalfood.com\/#website"},"datePublished":"2020-02-22T00:18:36+00:00","dateModified":"2020-05-22T13:46:31+00:00","description":"The farm now combines both food and plant production....","breadcrumb":{"@id":"https:\/\/tovestraditionalfood.com\/farm\/#breadcrumb"},"inLanguage":"nb-NO","potentialAction":[{"@type":"ReadAction","target":["https:\/\/tovestraditionalfood.com\/farm\/"]}]},{"@type":"BreadcrumbList","@id":"https:\/\/tovestraditionalfood.com\/farm\/#breadcrumb","itemListElement":[{"@type":"ListItem","position":1,"name":"Home","item":"https:\/\/tovestraditionalfood.com\/"},{"@type":"ListItem","position":2,"name":"The Farm"}]},{"@type":"WebSite","@id":"https:\/\/tovestraditionalfood.com\/#website","url":"https:\/\/tovestraditionalfood.com\/","name":"Tove&#039;s Traditional Food","description":"","publisher":{"@id":"https:\/\/tovestraditionalfood.com\/#organization"},"potentialAction":[{"@type":"SearchAction","target":{"@type":"EntryPoint","urlTemplate":"https:\/\/tovestraditionalfood.com\/?s={search_term_string}"},"query-input":{"@type":"PropertyValueSpecification","valueRequired":true,"valueName":"search_term_string"}}],"inLanguage":"nb-NO"},{"@type":"Organization","@id":"https:\/\/tovestraditionalfood.com\/#organization","name":"Tove's Tradisjonsmat","url":"https:\/\/tovestraditionalfood.com\/","logo":{"@type":"ImageObject","inLanguage":"nb-NO","@id":"https:\/\/tovestraditionalfood.com\/#\/schema\/logo\/image\/","url":"https:\/\/tovestraditionalfood.com\/wp-content\/uploads\/2020\/02\/Logo-3.png","contentUrl":"https:\/\/tovestraditionalfood.com\/wp-content\/uploads\/2020\/02\/Logo-3.png","width":283,"height":54,"caption":"Tove's Tradisjonsmat"},"image":{"@id":"https:\/\/tovestraditionalfood.com\/#\/schema\/logo\/image\/"},"sameAs":["https:\/\/www.facebook.com\/tovesblomsterogurter","https:\/\/www.instagram.com\/toves_tradisjonsmat\/"]}]}},"jetpack_sharing_enabled":true,"_links":{"self":[{"href":"https:\/\/tovestraditionalfood.com\/no\/wp-json\/wp\/v2\/pages\/1180","targetHints":{"allow":["GET"]}}],"collection":[{"href":"https:\/\/tovestraditionalfood.com\/no\/wp-json\/wp\/v2\/pages"}],"about":[{"href":"https:\/\/tovestraditionalfood.com\/no\/wp-json\/wp\/v2\/types\/page"}],"author":[{"embeddable":true,"href":"https:\/\/tovestraditionalfood.com\/no\/wp-json\/wp\/v2\/users\/1"}],"replies":[{"embeddable":true,"href":"https:\/\/tovestraditionalfood.com\/no\/wp-json\/wp\/v2\/comments?post=1180"}],"version-history":[{"count":6,"href":"https:\/\/tovestraditionalfood.com\/no\/wp-json\/wp\/v2\/pages\/1180\/revisions"}],"predecessor-version":[{"id":1627,"href":"https:\/\/tovestraditionalfood.com\/no\/wp-json\/wp\/v2\/pages\/1180\/revisions\/1627"}],"wp:attachment":[{"href":"https:\/\/tovestraditionalfood.com\/no\/wp-json\/wp\/v2\/media?parent=1180"}],"curies":[{"name":"wp","href":"https:\/\/api.w.org\/{rel}","templated":true}]}}