{"id":1343,"date":"2020-03-06T18:40:58","date_gmt":"2020-03-06T18:40:58","guid":{"rendered":"https:\/\/tovestraditionalfood.com\/?page_id=1343"},"modified":"2025-10-31T21:18:30","modified_gmt":"2025-10-31T21:18:30","slug":"cafe","status":"publish","type":"page","link":"https:\/\/tovestraditionalfood.com\/no\/cafe\/","title":{"rendered":"Kafeen"},"content":{"rendered":"<div class=\"wpb-content-wrapper\"><div class=\"noo-container-fluid\"><div class=\"vc_row wpb_row vc_row-fluid vc_custom_1450067977699\"><div class=\"noo-container\"><div class=\"noo-row\"><div class=\"noo_image_center wpb_column vc_column_container vc_col-sm-5 vc_col-xs-offset-1 vc_col-xs-4\/5\"><div class=\"vc_column-inner\"><div class=\"wpb_wrapper\"><div class=\"vc_empty_space\"   style=\"height: 50px\"><span class=\"vc_empty_space_inner\"><\/span><\/div><h2 style=\"text-align: left;font-family:Fjalla One;font-weight:400;font-style:normal\" class=\"vc_custom_heading vc_do_custom_heading\" >Det starter med en god kopp kaffe\u2026<\/h2>\n\t<div class=\"wpb_text_column wpb_content_element\" >\n\t\t<div class=\"wpb_wrapper\">\n\t\t\t<p style=\"text-align: left;\">Men p\u00e5 Toves Tradisjonsmat stopper ikke magien der\u2026..<\/p>\n<p style=\"text-align: left;\">Ta en stykke hjemmelaget gulrotkake eller en fersk vaffel og hjemmelaget syltet\u00f8y. Kanskje en varm sjokolade ogs\u00e5? Se p\u00e5 noen av de tradisjonelle verkt\u00f8yene som dekorerer kafeen og sp\u00f8r meg om min ber\u00f8mte Lefse!<\/p>\n<p style=\"text-align: left;\">Ikke glem kameraet ditt ... N\u00e5r du er ferdig, kan du ta en tur gjennom hagen min til bredden av Balsfjord og ta noen bilder av Lyngen-alpene. Du kan ogs\u00e5 se Troms\u00f8 p\u00e5 avstand!<\/p>\n\n\t\t<\/div>\n\t<\/div>\n<div class=\"vc_empty_space\"   style=\"height: 32px\"><span class=\"vc_empty_space_inner\"><\/span><\/div><h2 style=\"text-align: left;font-family:Fjalla One;font-weight:400;font-style:normal\" class=\"vc_custom_heading vc_do_custom_heading\" >\u00c5pningstider<\/h2>\n\t<div class=\"wpb_text_column wpb_content_element\" >\n\t\t<div class=\"wpb_wrapper\">\n\t\t\t<p>Mandag: Stengt<br \/>\nTirsdag til S\u00f8ndag: 11:00 - 18:00<\/p>\n\n\t\t<\/div>\n\t<\/div>\n<\/div><\/div><\/div><div class=\"wpb_column vc_column_container vc_col-sm-5 vc_hidden-sm vc_hidden-xs\"><div class=\"vc_column-inner vc_custom_1587550101695\"><div class=\"wpb_wrapper\"><div class=\"vc_empty_space\"   style=\"height: 100px\"><span class=\"vc_empty_space_inner\"><\/span><\/div>                <div class=\"noo-image-signature\">\n                    <div class=\"img-background-color\" style=\"background-color: #eae0cc\"><\/div>\n                                        <div class=\"img-background-sign\" style=\"background-image: url(https:\/\/tovestraditionalfood.com\/wp-content\/uploads\/2020\/03\/Picture20.jpg);\"><\/div>\n                    \n                    <div class=\"pull-left img-sign\">\n                                            <\/div>\n                    <div class=\"pull-left\">\n                        <h6><\/h6>\n                        <span><\/span>\n                    <\/div>\n                <\/div>\n            <\/div><\/div><\/div><\/div><\/div><\/div><\/div><div class=\"noo-container-fluid\"><div class=\"vc_row wpb_row vc_row-fluid vc_custom_1450067977699\"><div class=\"noo-container\"><div class=\"noo-row\"><div class=\"noo_image_center wpb_column vc_column_container vc_col-sm-5 vc_hidden-sm vc_hidden-xs\"><div class=\"vc_column-inner vc_custom_1589109397419\"><div class=\"wpb_wrapper\"><div class=\"vc_empty_space\"   style=\"height: 100px\"><span class=\"vc_empty_space_inner\"><\/span><\/div>                <div class=\"noo-image-signature\">\n                    <div class=\"img-background-color\" style=\"background-color: #eae0cc\"><\/div>\n                                        <div class=\"img-background-sign\" style=\"background-image: url(https:\/\/tovestraditionalfood.com\/wp-content\/uploads\/2020\/03\/Private-Bookings-001.jpg);\"><\/div>\n                    \n                    <div class=\"pull-left img-sign\">\n                                            <\/div>\n                    <div class=\"pull-left\">\n                        <h6><\/h6>\n                        <span><\/span>\n                    <\/div>\n                <\/div>\n            <\/div><\/div><\/div><div class=\"wpb_column vc_column_container vc_col-sm-5 vc_col-xs-offset-1 vc_col-xs-4\/5\"><div class=\"vc_column-inner\"><div class=\"wpb_wrapper\"><div class=\"vc_empty_space\"   style=\"height: 100px\"><span class=\"vc_empty_space_inner\"><\/span><\/div><h2 style=\"text-align: left;font-family:Fjalla One;font-weight:400;font-style:normal\" class=\"vc_custom_heading vc_do_custom_heading\" >PRIVATE BESTILLINGER<\/h2>\n\t<div class=\"wpb_text_column wpb_content_element\" >\n\t\t<div class=\"wpb_wrapper\">\n\t\t\t<p>Hvis du vil spise p\u00e5 et virkelig pittoresk sted, kan kafeen min gj\u00f8res om til en privat spiseplass. Jeg har et profesjonelt, industristandard kj\u00f8kken i ryggen, som jeg ofte bruker for \u00e5 lage tradisjonelle norske retter. Du kan velge en 3-retters middag fra menyen, eller hvis det er noe spesifikt du \u00f8nsker \u00e5 spise, ikke n\u00f8l med \u00e5 sp\u00f8rre meg.<\/p>\n<p>Jeg kan lage b\u00e5de veganske, vegetariske, glutenfrie og laktosefrie retter.<br \/>\nHar du en allergi? Ikke noe problem. Spesielle foresp\u00f8rsler? Bare gi meg beskjed.<\/p>\n<p>For \u00e5 bestille kafeen, vennligst kontakt meg p\u00e5 forh\u00e5nd, s\u00e5 jeg har nok tid til \u00e5 forberede meg.<\/p>\n\n\t\t<\/div>\n\t<\/div>\n<\/div><\/div><\/div><\/div><\/div><\/div><\/div><div class=\"noo-container-fluid\"><div class=\"vc_row wpb_row vc_row-fluid vc_custom_1450077417017\"><div class=\"wpb_column vc_column_container vc_col-sm-12\"><div class=\"vc_column-inner\"><div class=\"wpb_wrapper\">\n\t<div class=\"wpb_raw_code wpb_raw_html wpb_content_element\" >\n\t\t<div class=\"wpb_wrapper\">\n\t\t\t<div class=\"noo-footer-shop-now\">\n                    <div class=\"noo-container\">\n                        <h4>SOMMERBLOMSTER OG URTER <strong>FOR SALG<\/strong><\/h4>\n                        <p>Jeg dyrker kraftige sommerblomster og gode urteplanter som er beregnet for nordnorske somre. Finn ut hva jeg har!<\/p>\n                        <a class=\"noo-show-now\" href=\"http:\/\/tovestraditionalfood.com\/no\/contact\/\"><em>sp\u00f8r n\u00e5<\/em><\/a>\n                    <\/div>\n                <\/div>\n\t\t<\/div>\n\t<\/div>\n<\/div><\/div><\/div><\/div><\/div>\n<\/div>","protected":false},"excerpt":{"rendered":"It starts with a good cup of coffee... But at Tove's Tradisjonsmat, the magic doesn't end there... Take a slice of homemade carrot cake or a fresh waffle and homemade jams. Maybe a hot chocolate too? Browse some of the traditional tools that decorate the cafe and ask me about my famous Lefse! Don't forget your camera... When you've finished,...<div><a href=\"https:\/\/tovestraditionalfood.com\/no\/cafe\/\" class=\"view-more\"><span>View more<\/span><\/a><\/div>","protected":false},"author":1,"featured_media":0,"parent":0,"menu_order":0,"comment_status":"closed","ping_status":"closed","template":"page-full-width.php","meta":{"_monsterinsights_skip_tracking":false,"_monsterinsights_sitenote_active":false,"_monsterinsights_sitenote_note":"","_monsterinsights_sitenote_category":0,"footnotes":""},"class_list":["post-1343","page","type-page","status-publish","hentry","no-featured"],"yoast_head":"<!-- This site is optimized with the Yoast SEO plugin v26.9 - https:\/\/yoast.com\/product\/yoast-seo-wordpress\/ -->\n<title>Tove&#039;s Traditional Food - The Cafe<\/title>\n<meta name=\"description\" content=\"IT STARTS WITH A GOOD CUP OF COFFEE... But at Tove\u2019s Tradisjonsmat, the magic doesn\u2019t end there...\" \/>\n<meta name=\"robots\" content=\"index, follow, max-snippet:-1, max-image-preview:large, max-video-preview:-1\" \/>\n<link rel=\"canonical\" href=\"https:\/\/tovestraditionalfood.com\/no\/cafe\/\" \/>\n<meta property=\"og:locale\" content=\"nb_NO\" \/>\n<meta property=\"og:type\" content=\"article\" \/>\n<meta property=\"og:title\" content=\"Tove&#039;s Traditional Food - The Cafe\" \/>\n<meta property=\"og:description\" content=\"IT STARTS WITH A GOOD CUP OF COFFEE... But at Tove\u2019s Tradisjonsmat, the magic doesn\u2019t end there...\" \/>\n<meta property=\"og:url\" content=\"https:\/\/tovestraditionalfood.com\/no\/cafe\/\" \/>\n<meta property=\"og:site_name\" content=\"Tove&#039;s Traditional Food\" \/>\n<meta property=\"article:publisher\" content=\"https:\/\/www.facebook.com\/tovesblomsterogurter\" \/>\n<meta property=\"article:modified_time\" content=\"2025-10-31T21:18:30+00:00\" \/>\n<meta name=\"twitter:card\" content=\"summary_large_image\" \/>\n<meta name=\"twitter:label1\" content=\"Ansl. lesetid\" \/>\n\t<meta name=\"twitter:data1\" content=\"3 minutter\" \/>\n<script type=\"application\/ld+json\" class=\"yoast-schema-graph\">{\"@context\":\"https:\/\/schema.org\",\"@graph\":[{\"@type\":\"WebPage\",\"@id\":\"https:\/\/tovestraditionalfood.com\/cafe\/\",\"url\":\"https:\/\/tovestraditionalfood.com\/cafe\/\",\"name\":\"Tove&#039;s Traditional Food - The Cafe\",\"isPartOf\":{\"@id\":\"https:\/\/tovestraditionalfood.com\/#website\"},\"datePublished\":\"2020-03-06T18:40:58+00:00\",\"dateModified\":\"2025-10-31T21:18:30+00:00\",\"description\":\"IT STARTS WITH A GOOD CUP OF COFFEE... But at Tove\u2019s Tradisjonsmat, the magic doesn\u2019t end there...\",\"breadcrumb\":{\"@id\":\"https:\/\/tovestraditionalfood.com\/cafe\/#breadcrumb\"},\"inLanguage\":\"nb-NO\",\"potentialAction\":[{\"@type\":\"ReadAction\",\"target\":[\"https:\/\/tovestraditionalfood.com\/cafe\/\"]}]},{\"@type\":\"BreadcrumbList\",\"@id\":\"https:\/\/tovestraditionalfood.com\/cafe\/#breadcrumb\",\"itemListElement\":[{\"@type\":\"ListItem\",\"position\":1,\"name\":\"Home\",\"item\":\"https:\/\/tovestraditionalfood.com\/\"},{\"@type\":\"ListItem\",\"position\":2,\"name\":\"The Cafe\"}]},{\"@type\":\"WebSite\",\"@id\":\"https:\/\/tovestraditionalfood.com\/#website\",\"url\":\"https:\/\/tovestraditionalfood.com\/\",\"name\":\"Tove&#039;s Traditional Food\",\"description\":\"\",\"publisher\":{\"@id\":\"https:\/\/tovestraditionalfood.com\/#organization\"},\"potentialAction\":[{\"@type\":\"SearchAction\",\"target\":{\"@type\":\"EntryPoint\",\"urlTemplate\":\"https:\/\/tovestraditionalfood.com\/?s={search_term_string}\"},\"query-input\":{\"@type\":\"PropertyValueSpecification\",\"valueRequired\":true,\"valueName\":\"search_term_string\"}}],\"inLanguage\":\"nb-NO\"},{\"@type\":\"Organization\",\"@id\":\"https:\/\/tovestraditionalfood.com\/#organization\",\"name\":\"Tove's Tradisjonsmat\",\"url\":\"https:\/\/tovestraditionalfood.com\/\",\"logo\":{\"@type\":\"ImageObject\",\"inLanguage\":\"nb-NO\",\"@id\":\"https:\/\/tovestraditionalfood.com\/#\/schema\/logo\/image\/\",\"url\":\"https:\/\/tovestraditionalfood.com\/wp-content\/uploads\/2020\/02\/Logo-3.png\",\"contentUrl\":\"https:\/\/tovestraditionalfood.com\/wp-content\/uploads\/2020\/02\/Logo-3.png\",\"width\":283,\"height\":54,\"caption\":\"Tove's Tradisjonsmat\"},\"image\":{\"@id\":\"https:\/\/tovestraditionalfood.com\/#\/schema\/logo\/image\/\"},\"sameAs\":[\"https:\/\/www.facebook.com\/tovesblomsterogurter\",\"https:\/\/www.instagram.com\/toves_tradisjonsmat\/\"]}]}<\/script>\n<!-- \/ Yoast SEO plugin. -->","yoast_head_json":{"title":"Tove&#039;s Traditional Food - The Cafe","description":"IT STARTS WITH A GOOD CUP OF COFFEE... But at Tove\u2019s Tradisjonsmat, the magic doesn\u2019t end there...","robots":{"index":"index","follow":"follow","max-snippet":"max-snippet:-1","max-image-preview":"max-image-preview:large","max-video-preview":"max-video-preview:-1"},"canonical":"https:\/\/tovestraditionalfood.com\/no\/cafe\/","og_locale":"nb_NO","og_type":"article","og_title":"Tove&#039;s Traditional Food - The Cafe","og_description":"IT STARTS WITH A GOOD CUP OF COFFEE... But at Tove\u2019s Tradisjonsmat, the magic doesn\u2019t end there...","og_url":"https:\/\/tovestraditionalfood.com\/no\/cafe\/","og_site_name":"Tove&#039;s Traditional Food","article_publisher":"https:\/\/www.facebook.com\/tovesblomsterogurter","article_modified_time":"2025-10-31T21:18:30+00:00","twitter_card":"summary_large_image","twitter_misc":{"Ansl. lesetid":"3 minutter"},"schema":{"@context":"https:\/\/schema.org","@graph":[{"@type":"WebPage","@id":"https:\/\/tovestraditionalfood.com\/cafe\/","url":"https:\/\/tovestraditionalfood.com\/cafe\/","name":"Tove&#039;s Traditional Food - The Cafe","isPartOf":{"@id":"https:\/\/tovestraditionalfood.com\/#website"},"datePublished":"2020-03-06T18:40:58+00:00","dateModified":"2025-10-31T21:18:30+00:00","description":"IT STARTS WITH A GOOD CUP OF COFFEE... But at Tove\u2019s Tradisjonsmat, the magic doesn\u2019t end there...","breadcrumb":{"@id":"https:\/\/tovestraditionalfood.com\/cafe\/#breadcrumb"},"inLanguage":"nb-NO","potentialAction":[{"@type":"ReadAction","target":["https:\/\/tovestraditionalfood.com\/cafe\/"]}]},{"@type":"BreadcrumbList","@id":"https:\/\/tovestraditionalfood.com\/cafe\/#breadcrumb","itemListElement":[{"@type":"ListItem","position":1,"name":"Home","item":"https:\/\/tovestraditionalfood.com\/"},{"@type":"ListItem","position":2,"name":"The Cafe"}]},{"@type":"WebSite","@id":"https:\/\/tovestraditionalfood.com\/#website","url":"https:\/\/tovestraditionalfood.com\/","name":"Tove&#039;s Traditional Food","description":"","publisher":{"@id":"https:\/\/tovestraditionalfood.com\/#organization"},"potentialAction":[{"@type":"SearchAction","target":{"@type":"EntryPoint","urlTemplate":"https:\/\/tovestraditionalfood.com\/?s={search_term_string}"},"query-input":{"@type":"PropertyValueSpecification","valueRequired":true,"valueName":"search_term_string"}}],"inLanguage":"nb-NO"},{"@type":"Organization","@id":"https:\/\/tovestraditionalfood.com\/#organization","name":"Tove's Tradisjonsmat","url":"https:\/\/tovestraditionalfood.com\/","logo":{"@type":"ImageObject","inLanguage":"nb-NO","@id":"https:\/\/tovestraditionalfood.com\/#\/schema\/logo\/image\/","url":"https:\/\/tovestraditionalfood.com\/wp-content\/uploads\/2020\/02\/Logo-3.png","contentUrl":"https:\/\/tovestraditionalfood.com\/wp-content\/uploads\/2020\/02\/Logo-3.png","width":283,"height":54,"caption":"Tove's Tradisjonsmat"},"image":{"@id":"https:\/\/tovestraditionalfood.com\/#\/schema\/logo\/image\/"},"sameAs":["https:\/\/www.facebook.com\/tovesblomsterogurter","https:\/\/www.instagram.com\/toves_tradisjonsmat\/"]}]}},"jetpack_sharing_enabled":true,"_links":{"self":[{"href":"https:\/\/tovestraditionalfood.com\/no\/wp-json\/wp\/v2\/pages\/1343","targetHints":{"allow":["GET"]}}],"collection":[{"href":"https:\/\/tovestraditionalfood.com\/no\/wp-json\/wp\/v2\/pages"}],"about":[{"href":"https:\/\/tovestraditionalfood.com\/no\/wp-json\/wp\/v2\/types\/page"}],"author":[{"embeddable":true,"href":"https:\/\/tovestraditionalfood.com\/no\/wp-json\/wp\/v2\/users\/1"}],"replies":[{"embeddable":true,"href":"https:\/\/tovestraditionalfood.com\/no\/wp-json\/wp\/v2\/comments?post=1343"}],"version-history":[{"count":5,"href":"https:\/\/tovestraditionalfood.com\/no\/wp-json\/wp\/v2\/pages\/1343\/revisions"}],"predecessor-version":[{"id":1629,"href":"https:\/\/tovestraditionalfood.com\/no\/wp-json\/wp\/v2\/pages\/1343\/revisions\/1629"}],"wp:attachment":[{"href":"https:\/\/tovestraditionalfood.com\/no\/wp-json\/wp\/v2\/media?parent=1343"}],"curies":[{"name":"wp","href":"https:\/\/api.w.org\/{rel}","templated":true}]}}