{"id":811,"date":"2015-12-14T07:39:54","date_gmt":"2015-12-14T07:39:54","guid":{"rendered":"http:\/\/wp.nootheme.com\/organici\/dummy\/?page_id=811"},"modified":"2025-10-31T21:18:59","modified_gmt":"2025-10-31T21:18:59","slug":"contact","status":"publish","type":"page","link":"https:\/\/tovestraditionalfood.com\/no\/contact\/","title":{"rendered":"Kontakt"},"content":{"rendered":"<div class=\"wpb-content-wrapper\"><div class=\"noo-container-fluid\"><div class=\"vc_row wpb_row vc_row-fluid\"><div class=\"wpb_column vc_column_container vc_col-sm-12\"><div class=\"vc_column-inner\"><div class=\"wpb_wrapper\">        <div class=\"google-map\">\n                            <iframe loading=\"lazy\" width=\"100%\" height=\"500\" frameborder=\"0\" scrolling=\"no\" marginheight=\"0\"\n                        marginwidth=\"0\"\n                        src=\"https:\/\/maps.google.com\/maps?q=69.526172,18.863424&hl=es;z=14&amp;output=embed\"><\/iframe>\n                        <div class=\"noo-address-info-wrap\">\n                <div class=\"noo-container\">\n                    <div class=\"address-info\">\n                        <h3>Kontaktinfo<\/h3>\n                        <p>Sp\u00f8rsm\u00e5l? Kommentarer? Trenger du r\u00e5d? Ta kontakt med Tove!<\/p>\n<p>Bla ned for kontaktskjemaet<\/p>\n                        <ul>\n                                                            <li><i class=\"fa fa-map-marker\"><\/i><span>Seljevold Tradisjonsmat og Urteg\u00e5rd, Kobbev\u00e5gvegen 562, 9057 Vikran, Norway<\/span><\/li>\n                                                                                        <li><i class=\"fa fa-envelope\"> <\/i><span>seljevol@online.no<\/span><\/li>\n                                                                                        <li><i class=\"fa fa-phone\"> <\/i><span>(+47) 916 03 714<\/span><\/li>\n                                                                                        <li><i class=\"fa fa-globe\"> <\/i><span><a\n                                            href=\"https:\/\/tovestraditionalfood.com\/no\/\">https:\/\/tovestraditionalfood.com<\/a><\/span>\n                                <\/li>\n                                                    <\/ul>\n                    <\/div>\n                <\/div>\n            <\/div>\n        <\/div> <!-- \/.google-map -->\n\n        <\/div><\/div><\/div><\/div><\/div><div class=\"noo-container-fluid\"><div class=\"vc_row wpb_row vc_row-fluid vc_custom_1583517899194\"><div class=\"wpb_column vc_column_container vc_col-sm-6 vc_hidden-sm vc_hidden-xs\"><div class=\"vc_column-inner vc_custom_1587550512788\"><div class=\"wpb_wrapper\"><div class=\"vc_empty_space\"   style=\"height: 32px\"><span class=\"vc_empty_space_inner\"><\/span><\/div>                <div class=\"noo-image-signature\">\n                    <div class=\"img-background-color\" style=\"background-color: #42c891\"><\/div>\n                                        <div class=\"img-background-sign\" style=\"background-image: url(https:\/\/tovestraditionalfood.com\/wp-content\/uploads\/2020\/02\/Picture1-1.png);\"><\/div>\n                    \n                    <div class=\"pull-left img-sign\">\n                                            <\/div>\n                    <div class=\"pull-left\">\n                        <h6><\/h6>\n                        <span><\/span>\n                    <\/div>\n                <\/div>\n            <\/div><\/div><\/div><div class=\"wpb_column vc_column_container vc_col-sm-6\"><div class=\"vc_column-inner vc_custom_1583517745019\"><div class=\"wpb_wrapper\">\n<div class=\"wpcf7 no-js\" id=\"wpcf7-f1121-o1\" lang=\"en-US\" dir=\"ltr\" data-wpcf7-id=\"1121\">\n<div class=\"screen-reader-response\"><p role=\"status\" aria-live=\"polite\" aria-atomic=\"true\"><\/p> <ul><\/ul><\/div>\n<form action=\"\/no\/wp-json\/wp\/v2\/pages\/811#wpcf7-f1121-o1\" method=\"post\" class=\"wpcf7-form init\" aria-label=\"Contact form\" novalidate=\"novalidate\" data-status=\"init\" data-trp-original-action=\"\/no\/wp-json\/wp\/v2\/pages\/811#wpcf7-f1121-o1\">\n<div style=\"display: none;\">\n<input type=\"hidden\" name=\"_wpcf7\" value=\"1121\" \/>\n<input type=\"hidden\" name=\"_wpcf7_version\" value=\"6.0.6\" \/>\n<input type=\"hidden\" name=\"_wpcf7_locale\" value=\"en_US\" \/>\n<input type=\"hidden\" name=\"_wpcf7_unit_tag\" value=\"wpcf7-f1121-o1\" \/>\n<input type=\"hidden\" name=\"_wpcf7_container_post\" value=\"0\" \/>\n<input type=\"hidden\" name=\"_wpcf7_posted_data_hash\" value=\"\" \/>\n<\/div>\n<h3><span style=\"font-family: fjalla one;\">Ta Kontakt<\/span>\n<\/h3>\n<div class=\"noo-row\">\n\t<div class=\"noo-md-6 noo-sm-12\">\n\t\t<p><span class=\"wpcf7-form-control-wrap\" data-name=\"your-name\"><input size=\"40\" maxlength=\"400\" class=\"wpcf7-form-control wpcf7-text wpcf7-validates-as-required\" aria-required=\"true\" aria-invalid=\"false\" placeholder=\"Name\" value=\"\" type=\"text\" name=\"your-name\" \/><\/span>\n\t\t<\/p>\n\t<\/div>\n\t<div class=\"noo-md-6 noo-sm-12\">\n\t\t<p><span class=\"wpcf7-form-control-wrap\" data-name=\"your-email\"><input size=\"40\" maxlength=\"400\" class=\"wpcf7-form-control wpcf7-email wpcf7-validates-as-required wpcf7-text wpcf7-validates-as-email\" aria-required=\"true\" aria-invalid=\"false\" placeholder=\"Email\" value=\"\" type=\"email\" name=\"your-email\" \/><\/span>\n\t\t<\/p>\n\t<\/div>\n\t<div class=\"noo-md-12\">\n\t\t<p><span class=\"wpcf7-form-control-wrap\" data-name=\"subject\"><input size=\"40\" maxlength=\"400\" class=\"wpcf7-form-control wpcf7-text wpcf7-validates-as-required\" aria-required=\"true\" aria-invalid=\"false\" placeholder=\"Subject\" value=\"\" type=\"text\" name=\"subject\" \/><\/span>\n\t\t<\/p>\n\t<\/div>\n\t<div class=\"noo-md-12\">\n\t\t<p><span class=\"wpcf7-form-control-wrap\" data-name=\"your-message\"><textarea cols=\"40\" rows=\"10\" maxlength=\"2000\" class=\"wpcf7-form-control wpcf7-textarea\" aria-invalid=\"false\" placeholder=\"Message\" name=\"your-message\"><\/textarea><\/span>\n\t\t<\/p>\n\t<\/div>\n\t<div class=\"noo-md-12\">\n\t\t<p><input class=\"wpcf7-form-control wpcf7-submit has-spinner btn-primary\" type=\"submit\" value=\"Sende\" \/>\n\t\t<\/p>\n\t<\/div>\n<\/div><p style=\"display: none !important;\" class=\"akismet-fields-container\" data-prefix=\"_wpcf7_ak_\"><label>&#916;<textarea name=\"_wpcf7_ak_hp_textarea\" cols=\"45\" rows=\"8\" maxlength=\"100\"><\/textarea><\/label><input type=\"hidden\" id=\"ak_js_1\" name=\"_wpcf7_ak_js\" value=\"214\"\/><script>document.getElementById( \"ak_js_1\" ).setAttribute( \"value\", ( new Date() ).getTime() );<\/script><\/p><div class=\"wpcf7-response-output\" aria-hidden=\"true\"><\/div>\n<input type=\"hidden\" name=\"trp-form-language\" value=\"no\"\/><\/form>\n<\/div>\n<\/div><\/div><\/div><\/div><\/div>\n<\/div>","protected":false},"excerpt":{"rendered":"Contact Info Questions? Comments? Need Advice? Get in touch with Tove! Scroll down for the Contact Form Seljevold Tradisjonsmat og Urteg\u00e5rd, Kobbev\u00e5gvegen 562, 9057 Vikran, Norway seljevol@online.no (+47) 916 03 714 https:\/\/tovestraditionalfood.com Get In Touch &#916;","protected":false},"author":1,"featured_media":0,"parent":0,"menu_order":0,"comment_status":"closed","ping_status":"closed","template":"page-full-width.php","meta":{"_monsterinsights_skip_tracking":false,"_monsterinsights_sitenote_active":false,"_monsterinsights_sitenote_note":"","_monsterinsights_sitenote_category":0,"footnotes":""},"class_list":["post-811","page","type-page","status-publish","hentry","no-featured"],"yoast_head":"<!-- This site is optimized with the Yoast SEO plugin v26.9 - https:\/\/yoast.com\/product\/yoast-seo-wordpress\/ -->\n<title>Tove&#039;s Traditional Food - Contact<\/title>\n<meta name=\"description\" content=\"Tove&#039;s Tradisjonsmat - Contact. Questions? Comments? Need Advice? Get in touch with Tove.\" \/>\n<meta name=\"robots\" content=\"index, follow, max-snippet:-1, max-image-preview:large, max-video-preview:-1\" \/>\n<link rel=\"canonical\" href=\"https:\/\/tovestraditionalfood.com\/no\/contact\/\" \/>\n<meta property=\"og:locale\" content=\"nb_NO\" \/>\n<meta property=\"og:type\" content=\"article\" \/>\n<meta property=\"og:title\" content=\"Tove&#039;s Traditional Food - Contact\" \/>\n<meta property=\"og:description\" content=\"Tove&#039;s Tradisjonsmat - Contact. Questions? Comments? Need Advice? Get in touch with Tove.\" \/>\n<meta property=\"og:url\" content=\"https:\/\/tovestraditionalfood.com\/no\/contact\/\" \/>\n<meta property=\"og:site_name\" content=\"Tove&#039;s Traditional Food\" \/>\n<meta property=\"article:publisher\" content=\"https:\/\/www.facebook.com\/tovesblomsterogurter\" \/>\n<meta property=\"article:modified_time\" content=\"2025-10-31T21:18:59+00:00\" \/>\n<meta name=\"twitter:card\" content=\"summary_large_image\" \/>\n<meta name=\"twitter:label1\" content=\"Ansl. lesetid\" \/>\n\t<meta name=\"twitter:data1\" content=\"1 minutt\" \/>\n<script type=\"application\/ld+json\" class=\"yoast-schema-graph\">{\"@context\":\"https:\/\/schema.org\",\"@graph\":[{\"@type\":\"WebPage\",\"@id\":\"https:\/\/tovestraditionalfood.com\/contact\/\",\"url\":\"https:\/\/tovestraditionalfood.com\/contact\/\",\"name\":\"Tove&#039;s Traditional Food - Contact\",\"isPartOf\":{\"@id\":\"https:\/\/tovestraditionalfood.com\/#website\"},\"datePublished\":\"2015-12-14T07:39:54+00:00\",\"dateModified\":\"2025-10-31T21:18:59+00:00\",\"description\":\"Tove's Tradisjonsmat - Contact. Questions? Comments? Need Advice? Get in touch with Tove.\",\"breadcrumb\":{\"@id\":\"https:\/\/tovestraditionalfood.com\/contact\/#breadcrumb\"},\"inLanguage\":\"nb-NO\",\"potentialAction\":[{\"@type\":\"ReadAction\",\"target\":[\"https:\/\/tovestraditionalfood.com\/contact\/\"]}]},{\"@type\":\"BreadcrumbList\",\"@id\":\"https:\/\/tovestraditionalfood.com\/contact\/#breadcrumb\",\"itemListElement\":[{\"@type\":\"ListItem\",\"position\":1,\"name\":\"Home\",\"item\":\"https:\/\/tovestraditionalfood.com\/\"},{\"@type\":\"ListItem\",\"position\":2,\"name\":\"Contact\"}]},{\"@type\":\"WebSite\",\"@id\":\"https:\/\/tovestraditionalfood.com\/#website\",\"url\":\"https:\/\/tovestraditionalfood.com\/\",\"name\":\"Tove&#039;s Traditional Food\",\"description\":\"\",\"publisher\":{\"@id\":\"https:\/\/tovestraditionalfood.com\/#organization\"},\"potentialAction\":[{\"@type\":\"SearchAction\",\"target\":{\"@type\":\"EntryPoint\",\"urlTemplate\":\"https:\/\/tovestraditionalfood.com\/?s={search_term_string}\"},\"query-input\":{\"@type\":\"PropertyValueSpecification\",\"valueRequired\":true,\"valueName\":\"search_term_string\"}}],\"inLanguage\":\"nb-NO\"},{\"@type\":\"Organization\",\"@id\":\"https:\/\/tovestraditionalfood.com\/#organization\",\"name\":\"Tove's Tradisjonsmat\",\"url\":\"https:\/\/tovestraditionalfood.com\/\",\"logo\":{\"@type\":\"ImageObject\",\"inLanguage\":\"nb-NO\",\"@id\":\"https:\/\/tovestraditionalfood.com\/#\/schema\/logo\/image\/\",\"url\":\"https:\/\/tovestraditionalfood.com\/wp-content\/uploads\/2020\/02\/Logo-3.png\",\"contentUrl\":\"https:\/\/tovestraditionalfood.com\/wp-content\/uploads\/2020\/02\/Logo-3.png\",\"width\":283,\"height\":54,\"caption\":\"Tove's Tradisjonsmat\"},\"image\":{\"@id\":\"https:\/\/tovestraditionalfood.com\/#\/schema\/logo\/image\/\"},\"sameAs\":[\"https:\/\/www.facebook.com\/tovesblomsterogurter\",\"https:\/\/www.instagram.com\/toves_tradisjonsmat\/\"]}]}<\/script>\n<!-- \/ Yoast SEO plugin. -->","yoast_head_json":{"title":"Tove&#039;s Traditional Food - Contact","description":"Tove's Tradisjonsmat - Contact. Questions? Comments? Need Advice? Get in touch with Tove.","robots":{"index":"index","follow":"follow","max-snippet":"max-snippet:-1","max-image-preview":"max-image-preview:large","max-video-preview":"max-video-preview:-1"},"canonical":"https:\/\/tovestraditionalfood.com\/no\/contact\/","og_locale":"nb_NO","og_type":"article","og_title":"Tove&#039;s Traditional Food - Contact","og_description":"Tove's Tradisjonsmat - Contact. Questions? Comments? Need Advice? Get in touch with Tove.","og_url":"https:\/\/tovestraditionalfood.com\/no\/contact\/","og_site_name":"Tove&#039;s Traditional Food","article_publisher":"https:\/\/www.facebook.com\/tovesblomsterogurter","article_modified_time":"2025-10-31T21:18:59+00:00","twitter_card":"summary_large_image","twitter_misc":{"Ansl. lesetid":"1 minutt"},"schema":{"@context":"https:\/\/schema.org","@graph":[{"@type":"WebPage","@id":"https:\/\/tovestraditionalfood.com\/contact\/","url":"https:\/\/tovestraditionalfood.com\/contact\/","name":"Tove&#039;s Traditional Food - Contact","isPartOf":{"@id":"https:\/\/tovestraditionalfood.com\/#website"},"datePublished":"2015-12-14T07:39:54+00:00","dateModified":"2025-10-31T21:18:59+00:00","description":"Tove's Tradisjonsmat - Contact. Questions? Comments? Need Advice? Get in touch with Tove.","breadcrumb":{"@id":"https:\/\/tovestraditionalfood.com\/contact\/#breadcrumb"},"inLanguage":"nb-NO","potentialAction":[{"@type":"ReadAction","target":["https:\/\/tovestraditionalfood.com\/contact\/"]}]},{"@type":"BreadcrumbList","@id":"https:\/\/tovestraditionalfood.com\/contact\/#breadcrumb","itemListElement":[{"@type":"ListItem","position":1,"name":"Home","item":"https:\/\/tovestraditionalfood.com\/"},{"@type":"ListItem","position":2,"name":"Contact"}]},{"@type":"WebSite","@id":"https:\/\/tovestraditionalfood.com\/#website","url":"https:\/\/tovestraditionalfood.com\/","name":"Tove&#039;s Traditional Food","description":"","publisher":{"@id":"https:\/\/tovestraditionalfood.com\/#organization"},"potentialAction":[{"@type":"SearchAction","target":{"@type":"EntryPoint","urlTemplate":"https:\/\/tovestraditionalfood.com\/?s={search_term_string}"},"query-input":{"@type":"PropertyValueSpecification","valueRequired":true,"valueName":"search_term_string"}}],"inLanguage":"nb-NO"},{"@type":"Organization","@id":"https:\/\/tovestraditionalfood.com\/#organization","name":"Tove's Tradisjonsmat","url":"https:\/\/tovestraditionalfood.com\/","logo":{"@type":"ImageObject","inLanguage":"nb-NO","@id":"https:\/\/tovestraditionalfood.com\/#\/schema\/logo\/image\/","url":"https:\/\/tovestraditionalfood.com\/wp-content\/uploads\/2020\/02\/Logo-3.png","contentUrl":"https:\/\/tovestraditionalfood.com\/wp-content\/uploads\/2020\/02\/Logo-3.png","width":283,"height":54,"caption":"Tove's Tradisjonsmat"},"image":{"@id":"https:\/\/tovestraditionalfood.com\/#\/schema\/logo\/image\/"},"sameAs":["https:\/\/www.facebook.com\/tovesblomsterogurter","https:\/\/www.instagram.com\/toves_tradisjonsmat\/"]}]}},"jetpack_sharing_enabled":true,"_links":{"self":[{"href":"https:\/\/tovestraditionalfood.com\/no\/wp-json\/wp\/v2\/pages\/811","targetHints":{"allow":["GET"]}}],"collection":[{"href":"https:\/\/tovestraditionalfood.com\/no\/wp-json\/wp\/v2\/pages"}],"about":[{"href":"https:\/\/tovestraditionalfood.com\/no\/wp-json\/wp\/v2\/types\/page"}],"author":[{"embeddable":true,"href":"https:\/\/tovestraditionalfood.com\/no\/wp-json\/wp\/v2\/users\/1"}],"replies":[{"embeddable":true,"href":"https:\/\/tovestraditionalfood.com\/no\/wp-json\/wp\/v2\/comments?post=811"}],"version-history":[{"count":5,"href":"https:\/\/tovestraditionalfood.com\/no\/wp-json\/wp\/v2\/pages\/811\/revisions"}],"predecessor-version":[{"id":1565,"href":"https:\/\/tovestraditionalfood.com\/no\/wp-json\/wp\/v2\/pages\/811\/revisions\/1565"}],"wp:attachment":[{"href":"https:\/\/tovestraditionalfood.com\/no\/wp-json\/wp\/v2\/media?parent=811"}],"curies":[{"name":"wp","href":"https:\/\/api.w.org\/{rel}","templated":true}]}}